{"id":33,"date":"2021-05-13T11:26:23","date_gmt":"2021-05-13T09:26:23","guid":{"rendered":"http:\/\/sobofa.com\/?page_id=33"},"modified":"2021-11-05T16:47:27","modified_gmt":"2021-11-05T15:47:27","slug":"accueil","status":"publish","type":"page","link":"https:\/\/sobofa.com\/","title":{"rendered":"SOBOFA MECANIQUE DE PRECISION"},"content":{"rendered":"\t\t<div data-elementor-type=\"wp-page\" data-elementor-id=\"33\" class=\"elementor elementor-33\" data-elementor-settings=\"[]\">\n\t\t\t\t\t\t\t<div class=\"elementor-section-wrap\">\n\t\t\t\t\t\t\t<section class=\"elementor-section elementor-top-section elementor-element elementor-element-71c4420d elementor-section-boxed elementor-section-height-default elementor-section-height-default\" data-id=\"71c4420d\" data-element_type=\"section\">\n\t\t\t\t\t\t<div class=\"elementor-container elementor-column-gap-default\">\n\t\t\t\t\t<div class=\"elementor-column elementor-col-100 elementor-top-column elementor-element elementor-element-1746ef48\" data-id=\"1746ef48\" data-element_type=\"column\">\n\t\t\t<div class=\"elementor-widget-wrap elementor-element-populated\">\n\t\t\t\t\t\t\t\t<div class=\"elementor-element elementor-element-3f811cda elementor-widget elementor-widget-text-editor\" data-id=\"3f811cda\" data-element_type=\"widget\" data-widget_type=\"text-editor.default\">\n\t\t\t\t<div class=\"elementor-widget-container\">\n\t\t\t\t\t\t\t\t<!-- wp:image {\"id\":36,\"width\":838,\"height\":471,\"sizeSlug\":\"large\",\"linkDestination\":\"none\",\"className\":\"is-style-default\"} -->\n<figure class=\"wp-block-image size-large is-resized is-style-default\"><img loading=\"lazy\" class=\"wp-image-36\" src=\"http:\/\/sobofa.com\/wp-content\/uploads\/2021\/05\/20210317_111205-1024x576.jpg\" alt=\"\" width=\"838\" height=\"471\" srcset=\"https:\/\/sobofa.com\/wp-content\/uploads\/2021\/05\/20210317_111205-1024x576.jpg 1024w, https:\/\/sobofa.com\/wp-content\/uploads\/2021\/05\/20210317_111205-300x169.jpg 300w, https:\/\/sobofa.com\/wp-content\/uploads\/2021\/05\/20210317_111205-768x432.jpg 768w, https:\/\/sobofa.com\/wp-content\/uploads\/2021\/05\/20210317_111205-1536x864.jpg 1536w, https:\/\/sobofa.com\/wp-content\/uploads\/2021\/05\/20210317_111205-2048x1152.jpg 2048w, https:\/\/sobofa.com\/wp-content\/uploads\/2021\/05\/20210317_111205-1140x641.jpg 1140w, https:\/\/sobofa.com\/wp-content\/uploads\/2021\/05\/20210317_111205-720x405.jpg 720w\" sizes=\"(max-width: 838px) 100vw, 838px\" \/><\/figure>\n<!-- \/wp:image --><!-- wp:paragraph {\"style\":{\"typography\":{\"fontSize\":12}}} -->\n<p style=\"font-size: 12px;\">Fond\u00e9e en 1990, par Mr Francis FABREGUETTES, elle est aujourd\u2019hui dirig\u00e9e par son fils C\u00e9dric FABREGUETTES. La soci\u00e9t\u00e9 est implant\u00e9e sur la commune de MIOS pr\u00e8s de BORDEAUX, depuis Juin 2019 dans des locaux neuf, plus adapt\u00e9s \u00e0 son d\u00e9veloppement. Elle est le type m\u00eame de l\u2019entreprise familiale o\u00f9 l\u2019exp\u00e9rience et le savoir-faire se sont accumul\u00e9s au fil des ann\u00e9es.<\/p>\n<!-- \/wp:paragraph --><!-- wp:paragraph {\"style\":{\"typography\":{\"fontSize\":12}}} -->\n<p style=\"font-size: 12px;\">Avec 31 ans d\u2019exp\u00e9rience dans le domaine de la M\u00e9canique de pr\u00e9cision, SOBOFA SARL, est une PMI de dimension humaine qui r\u00e9pond rapidement aux attentes et exigences des donneurs d\u2019ordre.<\/p>\n<!-- \/wp:paragraph --><!-- wp:paragraph {\"style\":{\"typography\":{\"fontSize\":12}}} -->\n<p style=\"font-size: 12px;\">Nous disposons d\u2019un parc cons\u00e9quent de machines d\u00e9di\u00e9es \u00e0 l\u2019usinage, au tournage et au fraisage sur une grande vari\u00e9t\u00e9 de mat\u00e9riaux.<\/p>\n<!-- \/wp:paragraph --><!-- wp:paragraph {\"style\":{\"typography\":{\"fontSize\":12}}} -->\n<p style=\"font-size: 12px;\">Nos op\u00e9rateurs exp\u00e9riment\u00e9s usinent aussi bien des prototypes, des pi\u00e8ces complexes sur plan, des petites s\u00e9ries que de l\u2019outillage.<\/p>\n<!-- \/wp:paragraph --><!-- wp:paragraph {\"style\":{\"typography\":{\"fontSize\":12}}} -->\n<p style=\"font-size: 12px;\">Avec le logiciel de programmation 3D ESPRIT FAO, nous vous donnons ainsi une qualit\u00e9 de fabrication optimale.<\/p>\n<!-- \/wp:paragraph --><!-- wp:paragraph {\"style\":{\"typography\":{\"fontSize\":12}}} -->\n<p style=\"font-size: 12px;\">Notre certification ISO 9001-2015, renforce la confiance de nos donneurs d\u2019ordre pour une parfaite collaboration.<\/p>\n<!-- \/wp:paragraph -->\t\t\t\t\t\t<\/div>\n\t\t\t\t<\/div>\n\t\t\t\t\t<\/div>\n\t\t<\/div>\n\t\t\t\t\t\t\t<\/div>\n\t\t<\/section>\n\t\t\t\t<section class=\"elementor-section elementor-top-section elementor-element elementor-element-c888226 elementor-section-boxed elementor-section-height-default elementor-section-height-default\" data-id=\"c888226\" data-element_type=\"section\">\n\t\t\t\t\t\t<div class=\"elementor-container elementor-column-gap-default\">\n\t\t\t\t\t<div class=\"elementor-column elementor-col-100 elementor-top-column elementor-element elementor-element-8b7bc75\" data-id=\"8b7bc75\" data-element_type=\"column\">\n\t\t\t<div class=\"elementor-widget-wrap elementor-element-populated\">\n\t\t\t\t\t\t\t\t<div class=\"elementor-element elementor-element-07142a8 elementor-widget elementor-widget-google_maps\" data-id=\"07142a8\" data-element_type=\"widget\" data-widget_type=\"google_maps.default\">\n\t\t\t\t<div class=\"elementor-widget-container\">\n\t\t\t<div class=\"elementor-custom-embed\"><iframe frameborder=\"0\" scrolling=\"no\" marginheight=\"0\" marginwidth=\"0\" src=\"https:\/\/maps.google.com\/maps?q=sobofa%20mios&amp;t=m&amp;z=10&amp;output=embed&amp;iwloc=near\" title=\"sobofa mios\" aria-label=\"sobofa mios\"><\/iframe><\/div>\t\t<\/div>\n\t\t\t\t<\/div>\n\t\t\t\t\t<\/div>\n\t\t<\/div>\n\t\t\t\t\t\t\t<\/div>\n\t\t<\/section>\n\t\t\t\t<section class=\"elementor-section elementor-top-section elementor-element elementor-element-6ea90de elementor-section-boxed elementor-section-height-default elementor-section-height-default\" data-id=\"6ea90de\" data-element_type=\"section\">\n\t\t\t\t\t\t<div class=\"elementor-container elementor-column-gap-default\">\n\t\t\t\t\t<div class=\"elementor-column elementor-col-100 elementor-top-column elementor-element elementor-element-ddad5cf\" data-id=\"ddad5cf\" data-element_type=\"column\">\n\t\t\t<div class=\"elementor-widget-wrap elementor-element-populated\">\n\t\t\t\t\t\t\t\t<div class=\"elementor-element elementor-element-b6fde00 elementor-widget elementor-widget-image\" data-id=\"b6fde00\" data-element_type=\"widget\" data-widget_type=\"image.default\">\n\t\t\t\t<div class=\"elementor-widget-container\">\n\t\t\t\t\t\t\t\t\t\t\t\t\t\t\t<img width=\"86\" height=\"144\" src=\"https:\/\/sobofa.com\/wp-content\/uploads\/2021\/11\/Sans-titre.jpg\" class=\"attachment-thumbnail size-thumbnail\" alt=\"\" loading=\"lazy\" \/>\t\t\t\t\t\t\t\t\t\t\t\t\t\t\t<\/div>\n\t\t\t\t<\/div>\n\t\t\t\t\t<\/div>\n\t\t<\/div>\n\t\t\t\t\t\t\t<\/div>\n\t\t<\/section>\n\t\t\t\t\t\t<\/div>\n\t\t\t\t\t<\/div>\n\t\t","protected":false},"excerpt":{"rendered":"<p>Fond\u00e9e en 1990, par Mr Francis FABREGUETTES, elle est aujourd\u2019hui dirig\u00e9e par son fils C\u00e9dric FABREGUETTES. La soci\u00e9t\u00e9 est implant\u00e9e sur la commune de MIOS pr\u00e8s de BORDEAUX, depuis Juin 2019 dans des locaux neuf, plus adapt\u00e9s \u00e0 son d\u00e9veloppement. Elle est le type m\u00eame de l\u2019entreprise familiale o\u00f9 l\u2019exp\u00e9rience et le savoir-faire se sont [&hellip;]<\/p>\n","protected":false},"author":1,"featured_media":0,"parent":0,"menu_order":0,"comment_status":"closed","ping_status":"closed","template":"","meta":[],"_links":{"self":[{"href":"https:\/\/sobofa.com\/index.php\/wp-json\/wp\/v2\/pages\/33"}],"collection":[{"href":"https:\/\/sobofa.com\/index.php\/wp-json\/wp\/v2\/pages"}],"about":[{"href":"https:\/\/sobofa.com\/index.php\/wp-json\/wp\/v2\/types\/page"}],"author":[{"embeddable":true,"href":"https:\/\/sobofa.com\/index.php\/wp-json\/wp\/v2\/users\/1"}],"replies":[{"embeddable":true,"href":"https:\/\/sobofa.com\/index.php\/wp-json\/wp\/v2\/comments?post=33"}],"version-history":[{"count":44,"href":"https:\/\/sobofa.com\/index.php\/wp-json\/wp\/v2\/pages\/33\/revisions"}],"predecessor-version":[{"id":227,"href":"https:\/\/sobofa.com\/index.php\/wp-json\/wp\/v2\/pages\/33\/revisions\/227"}],"wp:attachment":[{"href":"https:\/\/sobofa.com\/index.php\/wp-json\/wp\/v2\/media?parent=33"}],"curies":[{"name":"wp","href":"https:\/\/api.w.org\/{rel}","templated":true}]}}